{"id":59,"date":"2021-03-01T21:36:06","date_gmt":"2021-03-01T20:36:06","guid":{"rendered":"https:\/\/hgr-polymer-solutions.de\/wordpress\/?page_id=59"},"modified":"2023-09-12T16:55:29","modified_gmt":"2023-09-12T14:55:29","slug":"impressum","status":"publish","type":"page","link":"https:\/\/hgr-polymer-solutions.de\/wordpress\/de\/impressum\/","title":{"rendered":"Impressum"},"content":{"rendered":"\n<p>HGR Polymer Solutions GmbH<br>Hofstra\u00dfe 64<br>Gewerbepark-S\u00fcd, Halle 18.02<br>40723 Hilden<\/p>\n\n\n\n<p>+49 2103 91 00 240<\/p>\n\n\n\n<p>E-Mail:&nbsp;<a rel=\"noreferrer noopener\" href=\"mailto:info@hgr-polymer-solutions.de\" target=\"_blank\">info@hgr-polymer-solutions.de<\/a><\/p>\n\n\n\n<p>AG D\u00fcsseldorf HRB 92534 | Ust-ID DE 341 751 143<\/p>\n\n\n\n<p>vertreten durch ihren Gesch\u00e4ftsf\u00fchrer Michael Reckzeh.<\/p>\n\n\n\n<p>Verantwortlich f\u00fcr die Inhalte<br>gem\u00e4\u00df \u00a7 5 TMG und \u00a7 55 RStV:<br>Michael Reckzeh | Gesch\u00e4ftsf\u00fchrender Gesellschafter<\/p>\n\n\n\n<p><\/p>\n","protected":false},"excerpt":{"rendered":"<p>HGR Polymer Solutions GmbHHofstra\u00dfe 64Gewerbepark-S\u00fcd, Halle 18.0240723 Hilden +49 2103 91 00 240 E-Mail:&nbsp;info@hgr-polymer-solutions.de AG D\u00fcsseldorf HRB 92534 | Ust-ID DE 341 751 143 vertreten durch ihren Gesch\u00e4ftsf\u00fchrer Michael Reckzeh. Verantwortlich f\u00fcr die Inhaltegem\u00e4\u00df \u00a7 5 TMG und \u00a7 55 RStV:Michael Reckzeh | Gesch\u00e4ftsf\u00fchrender Gesellschafter<\/p>\n","protected":false},"author":1,"featured_media":0,"parent":0,"menu_order":0,"comment_status":"closed","ping_status":"closed","template":"","meta":{"footnotes":""},"class_list":["post-59","page","type-page","status-publish","hentry"],"yoast_head":"<!-- This site is optimized with the Yoast SEO plugin v27.3 - https:\/\/yoast.com\/product\/yoast-seo-wordpress\/ -->\n<title>HGR Polymer Solutions - Impressum -<\/title>\n<meta name=\"description\" content=\"HGR Polymer Solutions - Impressum - Klebstoffe - Verpackung - Service - Adhesives - Coatings - Packaging\" \/>\n<meta name=\"robots\" content=\"index, follow, max-snippet:-1, max-image-preview:large, max-video-preview:-1\" \/>\n<link rel=\"canonical\" href=\"https:\/\/hgr-polymer-solutions.de\/wordpress\/de\/impressum\/\" \/>\n<meta property=\"og:locale\" content=\"de_DE\" \/>\n<meta property=\"og:type\" content=\"article\" \/>\n<meta property=\"og:title\" content=\"HGR Polymer Solutions - Impressum -\" \/>\n<meta property=\"og:description\" content=\"HGR Polymer Solutions - Impressum - Klebstoffe - Verpackung - Service - Adhesives - Coatings - Packaging\" \/>\n<meta property=\"og:url\" content=\"https:\/\/hgr-polymer-solutions.de\/wordpress\/de\/impressum\/\" \/>\n<meta property=\"og:site_name\" content=\"HGR Polymer Solutions\" \/>\n<meta property=\"article:modified_time\" content=\"2023-09-12T14:55:29+00:00\" \/>\n<meta name=\"twitter:card\" content=\"summary_large_image\" \/>\n<meta name=\"twitter:label1\" content=\"Gesch\u00e4tzte Lesezeit\" \/>\n\t<meta name=\"twitter:data1\" content=\"1\u00a0Minute\" \/>\n<script type=\"application\/ld+json\" class=\"yoast-schema-graph\">{\"@context\":\"https:\\\/\\\/schema.org\",\"@graph\":[{\"@type\":\"WebPage\",\"@id\":\"https:\\\/\\\/hgr-polymer-solutions.de\\\/wordpress\\\/de\\\/impressum\\\/\",\"url\":\"https:\\\/\\\/hgr-polymer-solutions.de\\\/wordpress\\\/de\\\/impressum\\\/\",\"name\":\"HGR Polymer Solutions - Impressum -\",\"isPartOf\":{\"@id\":\"https:\\\/\\\/hgr-polymer-solutions.de\\\/wordpress\\\/#website\"},\"datePublished\":\"2021-03-01T20:36:06+00:00\",\"dateModified\":\"2023-09-12T14:55:29+00:00\",\"description\":\"HGR Polymer Solutions - Impressum - Klebstoffe - Verpackung - Service - Adhesives - Coatings - Packaging\",\"breadcrumb\":{\"@id\":\"https:\\\/\\\/hgr-polymer-solutions.de\\\/wordpress\\\/de\\\/impressum\\\/#breadcrumb\"},\"inLanguage\":\"de\",\"potentialAction\":[{\"@type\":\"ReadAction\",\"target\":[\"https:\\\/\\\/hgr-polymer-solutions.de\\\/wordpress\\\/de\\\/impressum\\\/\"]}]},{\"@type\":\"BreadcrumbList\",\"@id\":\"https:\\\/\\\/hgr-polymer-solutions.de\\\/wordpress\\\/de\\\/impressum\\\/#breadcrumb\",\"itemListElement\":[{\"@type\":\"ListItem\",\"position\":1,\"name\":\"Startseite\",\"item\":\"https:\\\/\\\/hgr-polymer-solutions.de\\\/wordpress\\\/\"},{\"@type\":\"ListItem\",\"position\":2,\"name\":\"Impressum\"}]},{\"@type\":\"WebSite\",\"@id\":\"https:\\\/\\\/hgr-polymer-solutions.de\\\/wordpress\\\/#website\",\"url\":\"https:\\\/\\\/hgr-polymer-solutions.de\\\/wordpress\\\/\",\"name\":\"HGR Polymer Solutions\",\"description\":\"Specialist In Adhesives\",\"publisher\":{\"@id\":\"https:\\\/\\\/hgr-polymer-solutions.de\\\/wordpress\\\/#organization\"},\"potentialAction\":[{\"@type\":\"SearchAction\",\"target\":{\"@type\":\"EntryPoint\",\"urlTemplate\":\"https:\\\/\\\/hgr-polymer-solutions.de\\\/wordpress\\\/?s={search_term_string}\"},\"query-input\":{\"@type\":\"PropertyValueSpecification\",\"valueRequired\":true,\"valueName\":\"search_term_string\"}}],\"inLanguage\":\"de\"},{\"@type\":\"Organization\",\"@id\":\"https:\\\/\\\/hgr-polymer-solutions.de\\\/wordpress\\\/#organization\",\"name\":\"HGR Polymer Solutions GmbH\",\"url\":\"https:\\\/\\\/hgr-polymer-solutions.de\\\/wordpress\\\/\",\"logo\":{\"@type\":\"ImageObject\",\"inLanguage\":\"de\",\"@id\":\"https:\\\/\\\/hgr-polymer-solutions.de\\\/wordpress\\\/#\\\/schema\\\/logo\\\/image\\\/\",\"url\":\"https:\\\/\\\/hgr-polymer-solutions.de\\\/wordpress\\\/wp-content\\\/uploads\\\/2021\\\/05\\\/HGR-Logo_orange_high_quality.jpg\",\"contentUrl\":\"https:\\\/\\\/hgr-polymer-solutions.de\\\/wordpress\\\/wp-content\\\/uploads\\\/2021\\\/05\\\/HGR-Logo_orange_high_quality.jpg\",\"width\":435,\"height\":160,\"caption\":\"HGR Polymer Solutions GmbH\"},\"image\":{\"@id\":\"https:\\\/\\\/hgr-polymer-solutions.de\\\/wordpress\\\/#\\\/schema\\\/logo\\\/image\\\/\"}}]}<\/script>\n<!-- \/ Yoast SEO plugin. -->","yoast_head_json":{"title":"HGR Polymer Solutions - Impressum -","description":"HGR Polymer Solutions - Impressum - Klebstoffe - Verpackung - Service - Adhesives - Coatings - Packaging","robots":{"index":"index","follow":"follow","max-snippet":"max-snippet:-1","max-image-preview":"max-image-preview:large","max-video-preview":"max-video-preview:-1"},"canonical":"https:\/\/hgr-polymer-solutions.de\/wordpress\/de\/impressum\/","og_locale":"de_DE","og_type":"article","og_title":"HGR Polymer Solutions - Impressum -","og_description":"HGR Polymer Solutions - Impressum - Klebstoffe - Verpackung - Service - Adhesives - Coatings - Packaging","og_url":"https:\/\/hgr-polymer-solutions.de\/wordpress\/de\/impressum\/","og_site_name":"HGR Polymer Solutions","article_modified_time":"2023-09-12T14:55:29+00:00","twitter_card":"summary_large_image","twitter_misc":{"Gesch\u00e4tzte Lesezeit":"1\u00a0Minute"},"schema":{"@context":"https:\/\/schema.org","@graph":[{"@type":"WebPage","@id":"https:\/\/hgr-polymer-solutions.de\/wordpress\/de\/impressum\/","url":"https:\/\/hgr-polymer-solutions.de\/wordpress\/de\/impressum\/","name":"HGR Polymer Solutions - Impressum -","isPartOf":{"@id":"https:\/\/hgr-polymer-solutions.de\/wordpress\/#website"},"datePublished":"2021-03-01T20:36:06+00:00","dateModified":"2023-09-12T14:55:29+00:00","description":"HGR Polymer Solutions - Impressum - Klebstoffe - Verpackung - Service - Adhesives - Coatings - Packaging","breadcrumb":{"@id":"https:\/\/hgr-polymer-solutions.de\/wordpress\/de\/impressum\/#breadcrumb"},"inLanguage":"de","potentialAction":[{"@type":"ReadAction","target":["https:\/\/hgr-polymer-solutions.de\/wordpress\/de\/impressum\/"]}]},{"@type":"BreadcrumbList","@id":"https:\/\/hgr-polymer-solutions.de\/wordpress\/de\/impressum\/#breadcrumb","itemListElement":[{"@type":"ListItem","position":1,"name":"Startseite","item":"https:\/\/hgr-polymer-solutions.de\/wordpress\/"},{"@type":"ListItem","position":2,"name":"Impressum"}]},{"@type":"WebSite","@id":"https:\/\/hgr-polymer-solutions.de\/wordpress\/#website","url":"https:\/\/hgr-polymer-solutions.de\/wordpress\/","name":"HGR Polymer Solutions","description":"Specialist In Adhesives","publisher":{"@id":"https:\/\/hgr-polymer-solutions.de\/wordpress\/#organization"},"potentialAction":[{"@type":"SearchAction","target":{"@type":"EntryPoint","urlTemplate":"https:\/\/hgr-polymer-solutions.de\/wordpress\/?s={search_term_string}"},"query-input":{"@type":"PropertyValueSpecification","valueRequired":true,"valueName":"search_term_string"}}],"inLanguage":"de"},{"@type":"Organization","@id":"https:\/\/hgr-polymer-solutions.de\/wordpress\/#organization","name":"HGR Polymer Solutions GmbH","url":"https:\/\/hgr-polymer-solutions.de\/wordpress\/","logo":{"@type":"ImageObject","inLanguage":"de","@id":"https:\/\/hgr-polymer-solutions.de\/wordpress\/#\/schema\/logo\/image\/","url":"https:\/\/hgr-polymer-solutions.de\/wordpress\/wp-content\/uploads\/2021\/05\/HGR-Logo_orange_high_quality.jpg","contentUrl":"https:\/\/hgr-polymer-solutions.de\/wordpress\/wp-content\/uploads\/2021\/05\/HGR-Logo_orange_high_quality.jpg","width":435,"height":160,"caption":"HGR Polymer Solutions GmbH"},"image":{"@id":"https:\/\/hgr-polymer-solutions.de\/wordpress\/#\/schema\/logo\/image\/"}}]}},"_links":{"self":[{"href":"https:\/\/hgr-polymer-solutions.de\/wordpress\/wp-json\/wp\/v2\/pages\/59","targetHints":{"allow":["GET"]}}],"collection":[{"href":"https:\/\/hgr-polymer-solutions.de\/wordpress\/wp-json\/wp\/v2\/pages"}],"about":[{"href":"https:\/\/hgr-polymer-solutions.de\/wordpress\/wp-json\/wp\/v2\/types\/page"}],"author":[{"embeddable":true,"href":"https:\/\/hgr-polymer-solutions.de\/wordpress\/wp-json\/wp\/v2\/users\/1"}],"replies":[{"embeddable":true,"href":"https:\/\/hgr-polymer-solutions.de\/wordpress\/wp-json\/wp\/v2\/comments?post=59"}],"version-history":[{"count":10,"href":"https:\/\/hgr-polymer-solutions.de\/wordpress\/wp-json\/wp\/v2\/pages\/59\/revisions"}],"predecessor-version":[{"id":1223,"href":"https:\/\/hgr-polymer-solutions.de\/wordpress\/wp-json\/wp\/v2\/pages\/59\/revisions\/1223"}],"wp:attachment":[{"href":"https:\/\/hgr-polymer-solutions.de\/wordpress\/wp-json\/wp\/v2\/media?parent=59"}],"curies":[{"name":"wp","href":"https:\/\/api.w.org\/{rel}","templated":true}]}}