{"id":530,"date":"2021-12-13T21:28:25","date_gmt":"2021-12-13T20:28:25","guid":{"rendered":"https:\/\/hgr-polymer-solutions.de\/wordpress\/?page_id=530"},"modified":"2022-05-02T11:58:36","modified_gmt":"2022-05-02T09:58:36","slug":"beschichtungen","status":"publish","type":"page","link":"https:\/\/hgr-polymer-solutions.de\/wordpress\/de\/beschichtungen\/","title":{"rendered":"Beschichtungen"},"content":{"rendered":"\n<div class=\"wp-block-columns is-layout-flex wp-container-core-columns-is-layout-9d6595d7 wp-block-columns-is-layout-flex\">\n<div class=\"wp-block-column is-layout-flow wp-block-column-is-layout-flow\">\n<p><strong>PUR Beschichtung <\/strong><\/p>\n\n\n\n<p class=\"has-text-align-left\">PUR Beschichtungen basierend auf Polyurethan Prepolymeren verarbeitet im Hei\u00dfauftrag erm\u00f6glicht z\u00fcgige Produktionsprozesse. Sie erf\u00fcllen h\u00f6chste Anspr\u00fcche in puncto Temperatur-, Feuchtigkeits- und Chemikalienbest\u00e4ndigkeit. Das PUR Hotmelt Coating \u00fcberzeugt durch ihren hohen W\u00e4rmestand nach chemischer Aush\u00e4rtung bei moderater Verarbeitungstemperatur. \u00a0<\/p>\n\n\n\n<p>Wir beraten und unterst\u00fctzen Sie bei der Auswahl der richtigen PUR Beschichtung f\u00fcr Ihre Anwendung.<\/p>\n\n\n\n<p><\/p>\n<\/div>\n\n\n\n<div class=\"wp-block-column is-layout-flow wp-block-column-is-layout-flow\">\n<figure class=\"wp-block-gallery has-nested-images columns-default is-cropped wp-block-gallery-1 is-layout-flex wp-block-gallery-is-layout-flex\">\n<figure class=\"wp-block-image size-full\"><a  href=\"https:\/\/hgr-polymer-solutions.de\/wordpress\/wp-content\/uploads\/2022\/02\/IMG_5870.jpg\" data-rel=\"lightbox-gallery-0\" data-rl_title=\"\" data-rl_caption=\"\" title=\"\"><img loading=\"lazy\" decoding=\"async\" width=\"1600\" height=\"1067\" data-id=\"870\" src=\"https:\/\/hgr-polymer-solutions.de\/wordpress\/wp-content\/uploads\/2022\/02\/IMG_5870.jpg\" alt=\"Beschichtungen\" class=\"wp-image-870\" srcset=\"https:\/\/hgr-polymer-solutions.de\/wordpress\/wp-content\/uploads\/2022\/02\/IMG_5870.jpg 1600w, https:\/\/hgr-polymer-solutions.de\/wordpress\/wp-content\/uploads\/2022\/02\/IMG_5870-300x200.jpg 300w, https:\/\/hgr-polymer-solutions.de\/wordpress\/wp-content\/uploads\/2022\/02\/IMG_5870-1024x683.jpg 1024w, https:\/\/hgr-polymer-solutions.de\/wordpress\/wp-content\/uploads\/2022\/02\/IMG_5870-768x512.jpg 768w, https:\/\/hgr-polymer-solutions.de\/wordpress\/wp-content\/uploads\/2022\/02\/IMG_5870-1536x1024.jpg 1536w, https:\/\/hgr-polymer-solutions.de\/wordpress\/wp-content\/uploads\/2022\/02\/IMG_5870-840x560.jpg 840w, https:\/\/hgr-polymer-solutions.de\/wordpress\/wp-content\/uploads\/2022\/02\/IMG_5870-120x80.jpg 120w, https:\/\/hgr-polymer-solutions.de\/wordpress\/wp-content\/uploads\/2022\/02\/IMG_5870-360x240.jpg 360w, https:\/\/hgr-polymer-solutions.de\/wordpress\/wp-content\/uploads\/2022\/02\/IMG_5870-600x400.jpg 600w\" sizes=\"auto, (max-width: 1600px) 100vw, 1600px\" \/><\/a><\/figure>\n<\/figure>\n<\/div>\n<\/div>\n","protected":false},"excerpt":{"rendered":"<p>PUR Beschichtung PUR Beschichtungen basierend auf Polyurethan Prepolymeren verarbeitet im Hei\u00dfauftrag erm\u00f6glicht z\u00fcgige Produktionsprozesse. Sie erf\u00fcllen h\u00f6chste Anspr\u00fcche in puncto Temperatur-, Feuchtigkeits- und Chemikalienbest\u00e4ndigkeit. Das PUR Hotmelt Coating \u00fcberzeugt durch ihren hohen W\u00e4rmestand nach chemischer Aush\u00e4rtung bei moderater Verarbeitungstemperatur. \u00a0 Wir beraten und unterst\u00fctzen Sie bei der Auswahl der richtigen PUR Beschichtung f\u00fcr Ihre Anwendung.<\/p>\n","protected":false},"author":1,"featured_media":929,"parent":0,"menu_order":0,"comment_status":"closed","ping_status":"closed","template":"","meta":{"footnotes":""},"class_list":["post-530","page","type-page","status-publish","has-post-thumbnail","hentry"],"yoast_head":"<!-- This site is optimized with the Yoast SEO plugin v27.3 - https:\/\/yoast.com\/product\/yoast-seo-wordpress\/ -->\n<title>HGR Polymer Solutions - Beschichtungen -<\/title>\n<meta name=\"description\" content=\"HGR Polymer Solutions - Beschichtungen - Klebstoffe - Verpackung - Service - Adhesives - Coatings - Packaging\" \/>\n<meta name=\"robots\" content=\"index, follow, max-snippet:-1, max-image-preview:large, max-video-preview:-1\" \/>\n<link rel=\"canonical\" href=\"https:\/\/hgr-polymer-solutions.de\/wordpress\/de\/beschichtungen\/\" \/>\n<meta property=\"og:locale\" content=\"de_DE\" \/>\n<meta property=\"og:type\" content=\"article\" \/>\n<meta property=\"og:title\" content=\"HGR Polymer Solutions - Beschichtungen -\" \/>\n<meta property=\"og:description\" content=\"HGR Polymer Solutions - Beschichtungen - Klebstoffe - Verpackung - Service - Adhesives - Coatings - Packaging\" \/>\n<meta property=\"og:url\" content=\"https:\/\/hgr-polymer-solutions.de\/wordpress\/de\/beschichtungen\/\" \/>\n<meta property=\"og:site_name\" content=\"HGR Polymer Solutions\" \/>\n<meta property=\"article:modified_time\" content=\"2022-05-02T09:58:36+00:00\" \/>\n<meta property=\"og:image\" content=\"https:\/\/hgr-polymer-solutions.de\/wordpress\/wp-content\/uploads\/2022\/03\/IMG_5878org-scaled.jpg\" \/>\n\t<meta property=\"og:image:width\" content=\"2560\" \/>\n\t<meta property=\"og:image:height\" content=\"1706\" \/>\n\t<meta property=\"og:image:type\" content=\"image\/jpeg\" \/>\n<meta name=\"twitter:card\" content=\"summary_large_image\" \/>\n<meta name=\"twitter:label1\" content=\"Gesch\u00e4tzte Lesezeit\" \/>\n\t<meta name=\"twitter:data1\" content=\"1\u00a0Minute\" \/>\n<script type=\"application\/ld+json\" class=\"yoast-schema-graph\">{\"@context\":\"https:\\\/\\\/schema.org\",\"@graph\":[{\"@type\":\"WebPage\",\"@id\":\"https:\\\/\\\/hgr-polymer-solutions.de\\\/wordpress\\\/de\\\/beschichtungen\\\/\",\"url\":\"https:\\\/\\\/hgr-polymer-solutions.de\\\/wordpress\\\/de\\\/beschichtungen\\\/\",\"name\":\"HGR Polymer Solutions - Beschichtungen -\",\"isPartOf\":{\"@id\":\"https:\\\/\\\/hgr-polymer-solutions.de\\\/wordpress\\\/#website\"},\"primaryImageOfPage\":{\"@id\":\"https:\\\/\\\/hgr-polymer-solutions.de\\\/wordpress\\\/de\\\/beschichtungen\\\/#primaryimage\"},\"image\":{\"@id\":\"https:\\\/\\\/hgr-polymer-solutions.de\\\/wordpress\\\/de\\\/beschichtungen\\\/#primaryimage\"},\"thumbnailUrl\":\"https:\\\/\\\/hgr-polymer-solutions.de\\\/wordpress\\\/wp-content\\\/uploads\\\/2022\\\/03\\\/IMG_5878org-scaled.jpg\",\"datePublished\":\"2021-12-13T20:28:25+00:00\",\"dateModified\":\"2022-05-02T09:58:36+00:00\",\"description\":\"HGR Polymer Solutions - Beschichtungen - Klebstoffe - Verpackung - Service - Adhesives - Coatings - Packaging\",\"breadcrumb\":{\"@id\":\"https:\\\/\\\/hgr-polymer-solutions.de\\\/wordpress\\\/de\\\/beschichtungen\\\/#breadcrumb\"},\"inLanguage\":\"de\",\"potentialAction\":[{\"@type\":\"ReadAction\",\"target\":[\"https:\\\/\\\/hgr-polymer-solutions.de\\\/wordpress\\\/de\\\/beschichtungen\\\/\"]}]},{\"@type\":\"ImageObject\",\"inLanguage\":\"de\",\"@id\":\"https:\\\/\\\/hgr-polymer-solutions.de\\\/wordpress\\\/de\\\/beschichtungen\\\/#primaryimage\",\"url\":\"https:\\\/\\\/hgr-polymer-solutions.de\\\/wordpress\\\/wp-content\\\/uploads\\\/2022\\\/03\\\/IMG_5878org-scaled.jpg\",\"contentUrl\":\"https:\\\/\\\/hgr-polymer-solutions.de\\\/wordpress\\\/wp-content\\\/uploads\\\/2022\\\/03\\\/IMG_5878org-scaled.jpg\",\"width\":2560,\"height\":1706,\"caption\":\"Beschichtungen | Coatings\"},{\"@type\":\"BreadcrumbList\",\"@id\":\"https:\\\/\\\/hgr-polymer-solutions.de\\\/wordpress\\\/de\\\/beschichtungen\\\/#breadcrumb\",\"itemListElement\":[{\"@type\":\"ListItem\",\"position\":1,\"name\":\"Startseite\",\"item\":\"https:\\\/\\\/hgr-polymer-solutions.de\\\/wordpress\\\/\"},{\"@type\":\"ListItem\",\"position\":2,\"name\":\"Beschichtungen\"}]},{\"@type\":\"WebSite\",\"@id\":\"https:\\\/\\\/hgr-polymer-solutions.de\\\/wordpress\\\/#website\",\"url\":\"https:\\\/\\\/hgr-polymer-solutions.de\\\/wordpress\\\/\",\"name\":\"HGR Polymer Solutions\",\"description\":\"Specialist In Adhesives\",\"publisher\":{\"@id\":\"https:\\\/\\\/hgr-polymer-solutions.de\\\/wordpress\\\/#organization\"},\"potentialAction\":[{\"@type\":\"SearchAction\",\"target\":{\"@type\":\"EntryPoint\",\"urlTemplate\":\"https:\\\/\\\/hgr-polymer-solutions.de\\\/wordpress\\\/?s={search_term_string}\"},\"query-input\":{\"@type\":\"PropertyValueSpecification\",\"valueRequired\":true,\"valueName\":\"search_term_string\"}}],\"inLanguage\":\"de\"},{\"@type\":\"Organization\",\"@id\":\"https:\\\/\\\/hgr-polymer-solutions.de\\\/wordpress\\\/#organization\",\"name\":\"HGR Polymer Solutions GmbH\",\"url\":\"https:\\\/\\\/hgr-polymer-solutions.de\\\/wordpress\\\/\",\"logo\":{\"@type\":\"ImageObject\",\"inLanguage\":\"de\",\"@id\":\"https:\\\/\\\/hgr-polymer-solutions.de\\\/wordpress\\\/#\\\/schema\\\/logo\\\/image\\\/\",\"url\":\"https:\\\/\\\/hgr-polymer-solutions.de\\\/wordpress\\\/wp-content\\\/uploads\\\/2021\\\/05\\\/HGR-Logo_orange_high_quality.jpg\",\"contentUrl\":\"https:\\\/\\\/hgr-polymer-solutions.de\\\/wordpress\\\/wp-content\\\/uploads\\\/2021\\\/05\\\/HGR-Logo_orange_high_quality.jpg\",\"width\":435,\"height\":160,\"caption\":\"HGR Polymer Solutions GmbH\"},\"image\":{\"@id\":\"https:\\\/\\\/hgr-polymer-solutions.de\\\/wordpress\\\/#\\\/schema\\\/logo\\\/image\\\/\"}}]}<\/script>\n<!-- \/ Yoast SEO plugin. -->","yoast_head_json":{"title":"HGR Polymer Solutions - Beschichtungen -","description":"HGR Polymer Solutions - Beschichtungen - Klebstoffe - Verpackung - Service - Adhesives - Coatings - Packaging","robots":{"index":"index","follow":"follow","max-snippet":"max-snippet:-1","max-image-preview":"max-image-preview:large","max-video-preview":"max-video-preview:-1"},"canonical":"https:\/\/hgr-polymer-solutions.de\/wordpress\/de\/beschichtungen\/","og_locale":"de_DE","og_type":"article","og_title":"HGR Polymer Solutions - Beschichtungen -","og_description":"HGR Polymer Solutions - Beschichtungen - Klebstoffe - Verpackung - Service - Adhesives - Coatings - Packaging","og_url":"https:\/\/hgr-polymer-solutions.de\/wordpress\/de\/beschichtungen\/","og_site_name":"HGR Polymer Solutions","article_modified_time":"2022-05-02T09:58:36+00:00","og_image":[{"width":2560,"height":1706,"url":"https:\/\/hgr-polymer-solutions.de\/wordpress\/wp-content\/uploads\/2022\/03\/IMG_5878org-scaled.jpg","type":"image\/jpeg"}],"twitter_card":"summary_large_image","twitter_misc":{"Gesch\u00e4tzte Lesezeit":"1\u00a0Minute"},"schema":{"@context":"https:\/\/schema.org","@graph":[{"@type":"WebPage","@id":"https:\/\/hgr-polymer-solutions.de\/wordpress\/de\/beschichtungen\/","url":"https:\/\/hgr-polymer-solutions.de\/wordpress\/de\/beschichtungen\/","name":"HGR Polymer Solutions - Beschichtungen -","isPartOf":{"@id":"https:\/\/hgr-polymer-solutions.de\/wordpress\/#website"},"primaryImageOfPage":{"@id":"https:\/\/hgr-polymer-solutions.de\/wordpress\/de\/beschichtungen\/#primaryimage"},"image":{"@id":"https:\/\/hgr-polymer-solutions.de\/wordpress\/de\/beschichtungen\/#primaryimage"},"thumbnailUrl":"https:\/\/hgr-polymer-solutions.de\/wordpress\/wp-content\/uploads\/2022\/03\/IMG_5878org-scaled.jpg","datePublished":"2021-12-13T20:28:25+00:00","dateModified":"2022-05-02T09:58:36+00:00","description":"HGR Polymer Solutions - Beschichtungen - Klebstoffe - Verpackung - Service - Adhesives - Coatings - Packaging","breadcrumb":{"@id":"https:\/\/hgr-polymer-solutions.de\/wordpress\/de\/beschichtungen\/#breadcrumb"},"inLanguage":"de","potentialAction":[{"@type":"ReadAction","target":["https:\/\/hgr-polymer-solutions.de\/wordpress\/de\/beschichtungen\/"]}]},{"@type":"ImageObject","inLanguage":"de","@id":"https:\/\/hgr-polymer-solutions.de\/wordpress\/de\/beschichtungen\/#primaryimage","url":"https:\/\/hgr-polymer-solutions.de\/wordpress\/wp-content\/uploads\/2022\/03\/IMG_5878org-scaled.jpg","contentUrl":"https:\/\/hgr-polymer-solutions.de\/wordpress\/wp-content\/uploads\/2022\/03\/IMG_5878org-scaled.jpg","width":2560,"height":1706,"caption":"Beschichtungen | Coatings"},{"@type":"BreadcrumbList","@id":"https:\/\/hgr-polymer-solutions.de\/wordpress\/de\/beschichtungen\/#breadcrumb","itemListElement":[{"@type":"ListItem","position":1,"name":"Startseite","item":"https:\/\/hgr-polymer-solutions.de\/wordpress\/"},{"@type":"ListItem","position":2,"name":"Beschichtungen"}]},{"@type":"WebSite","@id":"https:\/\/hgr-polymer-solutions.de\/wordpress\/#website","url":"https:\/\/hgr-polymer-solutions.de\/wordpress\/","name":"HGR Polymer Solutions","description":"Specialist In Adhesives","publisher":{"@id":"https:\/\/hgr-polymer-solutions.de\/wordpress\/#organization"},"potentialAction":[{"@type":"SearchAction","target":{"@type":"EntryPoint","urlTemplate":"https:\/\/hgr-polymer-solutions.de\/wordpress\/?s={search_term_string}"},"query-input":{"@type":"PropertyValueSpecification","valueRequired":true,"valueName":"search_term_string"}}],"inLanguage":"de"},{"@type":"Organization","@id":"https:\/\/hgr-polymer-solutions.de\/wordpress\/#organization","name":"HGR Polymer Solutions GmbH","url":"https:\/\/hgr-polymer-solutions.de\/wordpress\/","logo":{"@type":"ImageObject","inLanguage":"de","@id":"https:\/\/hgr-polymer-solutions.de\/wordpress\/#\/schema\/logo\/image\/","url":"https:\/\/hgr-polymer-solutions.de\/wordpress\/wp-content\/uploads\/2021\/05\/HGR-Logo_orange_high_quality.jpg","contentUrl":"https:\/\/hgr-polymer-solutions.de\/wordpress\/wp-content\/uploads\/2021\/05\/HGR-Logo_orange_high_quality.jpg","width":435,"height":160,"caption":"HGR Polymer Solutions GmbH"},"image":{"@id":"https:\/\/hgr-polymer-solutions.de\/wordpress\/#\/schema\/logo\/image\/"}}]}},"_links":{"self":[{"href":"https:\/\/hgr-polymer-solutions.de\/wordpress\/wp-json\/wp\/v2\/pages\/530","targetHints":{"allow":["GET"]}}],"collection":[{"href":"https:\/\/hgr-polymer-solutions.de\/wordpress\/wp-json\/wp\/v2\/pages"}],"about":[{"href":"https:\/\/hgr-polymer-solutions.de\/wordpress\/wp-json\/wp\/v2\/types\/page"}],"author":[{"embeddable":true,"href":"https:\/\/hgr-polymer-solutions.de\/wordpress\/wp-json\/wp\/v2\/users\/1"}],"replies":[{"embeddable":true,"href":"https:\/\/hgr-polymer-solutions.de\/wordpress\/wp-json\/wp\/v2\/comments?post=530"}],"version-history":[{"count":12,"href":"https:\/\/hgr-polymer-solutions.de\/wordpress\/wp-json\/wp\/v2\/pages\/530\/revisions"}],"predecessor-version":[{"id":1057,"href":"https:\/\/hgr-polymer-solutions.de\/wordpress\/wp-json\/wp\/v2\/pages\/530\/revisions\/1057"}],"wp:featuredmedia":[{"embeddable":true,"href":"https:\/\/hgr-polymer-solutions.de\/wordpress\/wp-json\/wp\/v2\/media\/929"}],"wp:attachment":[{"href":"https:\/\/hgr-polymer-solutions.de\/wordpress\/wp-json\/wp\/v2\/media?parent=530"}],"curies":[{"name":"wp","href":"https:\/\/api.w.org\/{rel}","templated":true}]}}