{"id":48,"date":"2021-03-01T21:08:14","date_gmt":"2021-03-01T20:08:14","guid":{"rendered":"https:\/\/hgr-polymer-solutions.de\/wordpress\/?page_id=48"},"modified":"2022-04-07T13:57:14","modified_gmt":"2022-04-07T11:57:14","slug":"ueber-uns","status":"publish","type":"page","link":"https:\/\/hgr-polymer-solutions.de\/wordpress\/de\/ueber-uns\/","title":{"rendered":"\u00dcber uns"},"content":{"rendered":"\n<div class=\"wp-block-columns is-layout-flex wp-container-core-columns-is-layout-9d6595d7 wp-block-columns-is-layout-flex\">\n<div class=\"wp-block-column is-layout-flow wp-block-column-is-layout-flow\" style=\"flex-basis:66.66%\">\n<p>Als Start-up f\u00fcr Lohnverpackung und Service im Klebstoff- , Dichtstoff- und Beschichtungsbereich wird die HGR Polymer Solutions GmbH im Januar 2021 gegr\u00fcndet.<\/p>\n\n\n\n<p>Im gleichen Jahr t\u00e4tigt die HGR die erste Investition in eine Abf\u00fcllanlage f\u00fcr Schmelzklebstoffe am Standort Hilden und besch\u00e4ftigt mehrere Mitarbeiter.<\/p>\n\n\n\n<p>Im Sommer wird der Betrieb aufgenommen. Im Bereich Kleinverpackung f\u00fcr reaktive PUR-Schmelzklebstoffe sind bereits mehrere Projekte und Serviceauftr\u00e4ge f\u00fcr verschiedene Unternehmen erfolgreich abgewickelt worden.<\/p>\n\n\n\n<p>Die HGR Polymer Solutions GmbH ist ein Familienunternehmen. Die Abk\u00fcrzung HGR steht f\u00fcr die Nachnamen der Gr\u00fcnder des Unternehmens.&nbsp;<\/p>\n<\/div>\n\n\n\n<div class=\"wp-block-column is-layout-flow wp-block-column-is-layout-flow\" style=\"flex-basis:33.33%\">\n<div style=\"height:28px\" aria-hidden=\"true\" class=\"wp-block-spacer\"><\/div>\n\n\n\n<figure class=\"wp-block-image size-large\"><img loading=\"lazy\" decoding=\"async\" width=\"675\" height=\"1024\" src=\"https:\/\/hgr-polymer-solutions.de\/wordpress\/wp-content\/uploads\/2022\/02\/IMG_8679-675x1024.jpg\" alt=\"Der Gesch\u00e4ftsf\u00fchrer Michael Reckzeh vor dem Eingang zur Firma HGR Polymer Solutions GmbH\" class=\"wp-image-881\" srcset=\"https:\/\/hgr-polymer-solutions.de\/wordpress\/wp-content\/uploads\/2022\/02\/IMG_8679-675x1024.jpg 675w, https:\/\/hgr-polymer-solutions.de\/wordpress\/wp-content\/uploads\/2022\/02\/IMG_8679-198x300.jpg 198w, https:\/\/hgr-polymer-solutions.de\/wordpress\/wp-content\/uploads\/2022\/02\/IMG_8679-768x1165.jpg 768w, https:\/\/hgr-polymer-solutions.de\/wordpress\/wp-content\/uploads\/2022\/02\/IMG_8679-1013x1536.jpg 1013w, https:\/\/hgr-polymer-solutions.de\/wordpress\/wp-content\/uploads\/2022\/02\/IMG_8679.jpg 1055w\" sizes=\"auto, (max-width: 675px) 100vw, 675px\" \/><\/figure>\n<\/div>\n<\/div>\n\n\n\n<p><\/p>\n","protected":false},"excerpt":{"rendered":"<p>Als Start-up f\u00fcr Lohnverpackung und Service im Klebstoff- , Dichtstoff- und Beschichtungsbereich wird die HGR Polymer Solutions GmbH im Januar 2021 gegr\u00fcndet. Im gleichen Jahr t\u00e4tigt die HGR die erste Investition in eine Abf\u00fcllanlage f\u00fcr Schmelzklebstoffe am Standort Hilden und besch\u00e4ftigt mehrere Mitarbeiter. Im Sommer wird der Betrieb aufgenommen. Im Bereich Kleinverpackung f\u00fcr reaktive PUR-Schmelzklebstoffe sind bereits mehrere Projekte und Serviceauftr\u00e4ge f\u00fcr verschiedene Unternehmen erfolgreich abgewickelt worden. Die HGR Polymer Solutions GmbH ist ein Familienunternehmen. Die Abk\u00fcrzung HGR steht f\u00fcr die Nachnamen der Gr\u00fcnder des Unternehmens.&nbsp;<\/p>\n","protected":false},"author":1,"featured_media":0,"parent":0,"menu_order":0,"comment_status":"closed","ping_status":"closed","template":"","meta":{"footnotes":""},"class_list":["post-48","page","type-page","status-publish","hentry"],"yoast_head":"<!-- This site is optimized with the Yoast SEO plugin v27.3 - https:\/\/yoast.com\/product\/yoast-seo-wordpress\/ -->\n<title>HGR Polymer Solutions - \u00dcber uns -<\/title>\n<meta name=\"description\" content=\"HGR Polymer Solutions - \u00dcber uns - Klebstoffe - Verpackung - Service - Adhesives - Coatings - Packaging\" \/>\n<meta name=\"robots\" content=\"index, follow, max-snippet:-1, max-image-preview:large, max-video-preview:-1\" \/>\n<link rel=\"canonical\" href=\"https:\/\/hgr-polymer-solutions.de\/wordpress\/de\/ueber-uns\/\" \/>\n<meta property=\"og:locale\" content=\"de_DE\" \/>\n<meta property=\"og:type\" content=\"article\" \/>\n<meta property=\"og:title\" content=\"HGR Polymer Solutions - \u00dcber uns -\" \/>\n<meta property=\"og:description\" content=\"HGR Polymer Solutions - \u00dcber uns - Klebstoffe - Verpackung - Service - Adhesives - Coatings - Packaging\" \/>\n<meta property=\"og:url\" content=\"https:\/\/hgr-polymer-solutions.de\/wordpress\/de\/ueber-uns\/\" \/>\n<meta property=\"og:site_name\" content=\"HGR Polymer Solutions\" \/>\n<meta property=\"article:modified_time\" content=\"2022-04-07T11:57:14+00:00\" \/>\n<meta property=\"og:image\" content=\"https:\/\/hgr-polymer-solutions.de\/wordpress\/wp-content\/uploads\/2022\/02\/IMG_8679-675x1024.jpg\" \/>\n<meta name=\"twitter:card\" content=\"summary_large_image\" \/>\n<meta name=\"twitter:label1\" content=\"Gesch\u00e4tzte Lesezeit\" \/>\n\t<meta name=\"twitter:data1\" content=\"1\u00a0Minute\" \/>\n<script type=\"application\/ld+json\" class=\"yoast-schema-graph\">{\"@context\":\"https:\\\/\\\/schema.org\",\"@graph\":[{\"@type\":\"WebPage\",\"@id\":\"https:\\\/\\\/hgr-polymer-solutions.de\\\/wordpress\\\/de\\\/ueber-uns\\\/\",\"url\":\"https:\\\/\\\/hgr-polymer-solutions.de\\\/wordpress\\\/de\\\/ueber-uns\\\/\",\"name\":\"HGR Polymer Solutions - \u00dcber uns -\",\"isPartOf\":{\"@id\":\"https:\\\/\\\/hgr-polymer-solutions.de\\\/wordpress\\\/#website\"},\"primaryImageOfPage\":{\"@id\":\"https:\\\/\\\/hgr-polymer-solutions.de\\\/wordpress\\\/de\\\/ueber-uns\\\/#primaryimage\"},\"image\":{\"@id\":\"https:\\\/\\\/hgr-polymer-solutions.de\\\/wordpress\\\/de\\\/ueber-uns\\\/#primaryimage\"},\"thumbnailUrl\":\"https:\\\/\\\/hgr-polymer-solutions.de\\\/wordpress\\\/wp-content\\\/uploads\\\/2022\\\/02\\\/IMG_8679-675x1024.jpg\",\"datePublished\":\"2021-03-01T20:08:14+00:00\",\"dateModified\":\"2022-04-07T11:57:14+00:00\",\"description\":\"HGR Polymer Solutions - \u00dcber uns - Klebstoffe - Verpackung - Service - Adhesives - Coatings - Packaging\",\"breadcrumb\":{\"@id\":\"https:\\\/\\\/hgr-polymer-solutions.de\\\/wordpress\\\/de\\\/ueber-uns\\\/#breadcrumb\"},\"inLanguage\":\"de\",\"potentialAction\":[{\"@type\":\"ReadAction\",\"target\":[\"https:\\\/\\\/hgr-polymer-solutions.de\\\/wordpress\\\/de\\\/ueber-uns\\\/\"]}]},{\"@type\":\"ImageObject\",\"inLanguage\":\"de\",\"@id\":\"https:\\\/\\\/hgr-polymer-solutions.de\\\/wordpress\\\/de\\\/ueber-uns\\\/#primaryimage\",\"url\":\"https:\\\/\\\/hgr-polymer-solutions.de\\\/wordpress\\\/wp-content\\\/uploads\\\/2022\\\/02\\\/IMG_8679.jpg\",\"contentUrl\":\"https:\\\/\\\/hgr-polymer-solutions.de\\\/wordpress\\\/wp-content\\\/uploads\\\/2022\\\/02\\\/IMG_8679.jpg\",\"width\":1055,\"height\":1600,\"caption\":\"Gesch\u00e4ftsf\u00fchrer | Manager\"},{\"@type\":\"BreadcrumbList\",\"@id\":\"https:\\\/\\\/hgr-polymer-solutions.de\\\/wordpress\\\/de\\\/ueber-uns\\\/#breadcrumb\",\"itemListElement\":[{\"@type\":\"ListItem\",\"position\":1,\"name\":\"Startseite\",\"item\":\"https:\\\/\\\/hgr-polymer-solutions.de\\\/wordpress\\\/\"},{\"@type\":\"ListItem\",\"position\":2,\"name\":\"\u00dcber uns\"}]},{\"@type\":\"WebSite\",\"@id\":\"https:\\\/\\\/hgr-polymer-solutions.de\\\/wordpress\\\/#website\",\"url\":\"https:\\\/\\\/hgr-polymer-solutions.de\\\/wordpress\\\/\",\"name\":\"HGR Polymer Solutions\",\"description\":\"Specialist In Adhesives\",\"publisher\":{\"@id\":\"https:\\\/\\\/hgr-polymer-solutions.de\\\/wordpress\\\/#organization\"},\"potentialAction\":[{\"@type\":\"SearchAction\",\"target\":{\"@type\":\"EntryPoint\",\"urlTemplate\":\"https:\\\/\\\/hgr-polymer-solutions.de\\\/wordpress\\\/?s={search_term_string}\"},\"query-input\":{\"@type\":\"PropertyValueSpecification\",\"valueRequired\":true,\"valueName\":\"search_term_string\"}}],\"inLanguage\":\"de\"},{\"@type\":\"Organization\",\"@id\":\"https:\\\/\\\/hgr-polymer-solutions.de\\\/wordpress\\\/#organization\",\"name\":\"HGR Polymer Solutions GmbH\",\"url\":\"https:\\\/\\\/hgr-polymer-solutions.de\\\/wordpress\\\/\",\"logo\":{\"@type\":\"ImageObject\",\"inLanguage\":\"de\",\"@id\":\"https:\\\/\\\/hgr-polymer-solutions.de\\\/wordpress\\\/#\\\/schema\\\/logo\\\/image\\\/\",\"url\":\"https:\\\/\\\/hgr-polymer-solutions.de\\\/wordpress\\\/wp-content\\\/uploads\\\/2021\\\/05\\\/HGR-Logo_orange_high_quality.jpg\",\"contentUrl\":\"https:\\\/\\\/hgr-polymer-solutions.de\\\/wordpress\\\/wp-content\\\/uploads\\\/2021\\\/05\\\/HGR-Logo_orange_high_quality.jpg\",\"width\":435,\"height\":160,\"caption\":\"HGR Polymer Solutions GmbH\"},\"image\":{\"@id\":\"https:\\\/\\\/hgr-polymer-solutions.de\\\/wordpress\\\/#\\\/schema\\\/logo\\\/image\\\/\"}}]}<\/script>\n<!-- \/ Yoast SEO plugin. -->","yoast_head_json":{"title":"HGR Polymer Solutions - \u00dcber uns -","description":"HGR Polymer Solutions - \u00dcber uns - Klebstoffe - Verpackung - Service - Adhesives - Coatings - Packaging","robots":{"index":"index","follow":"follow","max-snippet":"max-snippet:-1","max-image-preview":"max-image-preview:large","max-video-preview":"max-video-preview:-1"},"canonical":"https:\/\/hgr-polymer-solutions.de\/wordpress\/de\/ueber-uns\/","og_locale":"de_DE","og_type":"article","og_title":"HGR Polymer Solutions - \u00dcber uns -","og_description":"HGR Polymer Solutions - \u00dcber uns - Klebstoffe - Verpackung - Service - Adhesives - Coatings - Packaging","og_url":"https:\/\/hgr-polymer-solutions.de\/wordpress\/de\/ueber-uns\/","og_site_name":"HGR Polymer Solutions","article_modified_time":"2022-04-07T11:57:14+00:00","og_image":[{"url":"https:\/\/hgr-polymer-solutions.de\/wordpress\/wp-content\/uploads\/2022\/02\/IMG_8679-675x1024.jpg","type":"","width":"","height":""}],"twitter_card":"summary_large_image","twitter_misc":{"Gesch\u00e4tzte Lesezeit":"1\u00a0Minute"},"schema":{"@context":"https:\/\/schema.org","@graph":[{"@type":"WebPage","@id":"https:\/\/hgr-polymer-solutions.de\/wordpress\/de\/ueber-uns\/","url":"https:\/\/hgr-polymer-solutions.de\/wordpress\/de\/ueber-uns\/","name":"HGR Polymer Solutions - \u00dcber uns -","isPartOf":{"@id":"https:\/\/hgr-polymer-solutions.de\/wordpress\/#website"},"primaryImageOfPage":{"@id":"https:\/\/hgr-polymer-solutions.de\/wordpress\/de\/ueber-uns\/#primaryimage"},"image":{"@id":"https:\/\/hgr-polymer-solutions.de\/wordpress\/de\/ueber-uns\/#primaryimage"},"thumbnailUrl":"https:\/\/hgr-polymer-solutions.de\/wordpress\/wp-content\/uploads\/2022\/02\/IMG_8679-675x1024.jpg","datePublished":"2021-03-01T20:08:14+00:00","dateModified":"2022-04-07T11:57:14+00:00","description":"HGR Polymer Solutions - \u00dcber uns - Klebstoffe - Verpackung - Service - Adhesives - Coatings - Packaging","breadcrumb":{"@id":"https:\/\/hgr-polymer-solutions.de\/wordpress\/de\/ueber-uns\/#breadcrumb"},"inLanguage":"de","potentialAction":[{"@type":"ReadAction","target":["https:\/\/hgr-polymer-solutions.de\/wordpress\/de\/ueber-uns\/"]}]},{"@type":"ImageObject","inLanguage":"de","@id":"https:\/\/hgr-polymer-solutions.de\/wordpress\/de\/ueber-uns\/#primaryimage","url":"https:\/\/hgr-polymer-solutions.de\/wordpress\/wp-content\/uploads\/2022\/02\/IMG_8679.jpg","contentUrl":"https:\/\/hgr-polymer-solutions.de\/wordpress\/wp-content\/uploads\/2022\/02\/IMG_8679.jpg","width":1055,"height":1600,"caption":"Gesch\u00e4ftsf\u00fchrer | Manager"},{"@type":"BreadcrumbList","@id":"https:\/\/hgr-polymer-solutions.de\/wordpress\/de\/ueber-uns\/#breadcrumb","itemListElement":[{"@type":"ListItem","position":1,"name":"Startseite","item":"https:\/\/hgr-polymer-solutions.de\/wordpress\/"},{"@type":"ListItem","position":2,"name":"\u00dcber uns"}]},{"@type":"WebSite","@id":"https:\/\/hgr-polymer-solutions.de\/wordpress\/#website","url":"https:\/\/hgr-polymer-solutions.de\/wordpress\/","name":"HGR Polymer Solutions","description":"Specialist In Adhesives","publisher":{"@id":"https:\/\/hgr-polymer-solutions.de\/wordpress\/#organization"},"potentialAction":[{"@type":"SearchAction","target":{"@type":"EntryPoint","urlTemplate":"https:\/\/hgr-polymer-solutions.de\/wordpress\/?s={search_term_string}"},"query-input":{"@type":"PropertyValueSpecification","valueRequired":true,"valueName":"search_term_string"}}],"inLanguage":"de"},{"@type":"Organization","@id":"https:\/\/hgr-polymer-solutions.de\/wordpress\/#organization","name":"HGR Polymer Solutions GmbH","url":"https:\/\/hgr-polymer-solutions.de\/wordpress\/","logo":{"@type":"ImageObject","inLanguage":"de","@id":"https:\/\/hgr-polymer-solutions.de\/wordpress\/#\/schema\/logo\/image\/","url":"https:\/\/hgr-polymer-solutions.de\/wordpress\/wp-content\/uploads\/2021\/05\/HGR-Logo_orange_high_quality.jpg","contentUrl":"https:\/\/hgr-polymer-solutions.de\/wordpress\/wp-content\/uploads\/2021\/05\/HGR-Logo_orange_high_quality.jpg","width":435,"height":160,"caption":"HGR Polymer Solutions GmbH"},"image":{"@id":"https:\/\/hgr-polymer-solutions.de\/wordpress\/#\/schema\/logo\/image\/"}}]}},"_links":{"self":[{"href":"https:\/\/hgr-polymer-solutions.de\/wordpress\/wp-json\/wp\/v2\/pages\/48","targetHints":{"allow":["GET"]}}],"collection":[{"href":"https:\/\/hgr-polymer-solutions.de\/wordpress\/wp-json\/wp\/v2\/pages"}],"about":[{"href":"https:\/\/hgr-polymer-solutions.de\/wordpress\/wp-json\/wp\/v2\/types\/page"}],"author":[{"embeddable":true,"href":"https:\/\/hgr-polymer-solutions.de\/wordpress\/wp-json\/wp\/v2\/users\/1"}],"replies":[{"embeddable":true,"href":"https:\/\/hgr-polymer-solutions.de\/wordpress\/wp-json\/wp\/v2\/comments?post=48"}],"version-history":[{"count":14,"href":"https:\/\/hgr-polymer-solutions.de\/wordpress\/wp-json\/wp\/v2\/pages\/48\/revisions"}],"predecessor-version":[{"id":1049,"href":"https:\/\/hgr-polymer-solutions.de\/wordpress\/wp-json\/wp\/v2\/pages\/48\/revisions\/1049"}],"wp:attachment":[{"href":"https:\/\/hgr-polymer-solutions.de\/wordpress\/wp-json\/wp\/v2\/media?parent=48"}],"curies":[{"name":"wp","href":"https:\/\/api.w.org\/{rel}","templated":true}]}}